{"id":52,"date":"2025-03-13T20:11:15","date_gmt":"2025-03-13T20:11:15","guid":{"rendered":"https:\/\/casaibarra.cl\/?page_id=52"},"modified":"2025-03-13T20:11:15","modified_gmt":"2025-03-13T20:11:15","slug":"about","status":"publish","type":"page","link":"https:\/\/casaibarra.cl\/?page_id=52","title":{"rendered":"About"},"content":{"rendered":"\n<div class=\"wp-block-uagb-container uagb-block-a6be1363 alignfull uagb-is-root-container\"><div class=\"uagb-container__shape uagb-container__shape-bottom uagb-container__shape-flip uagb-container__invert\" data-negative=\"false\"><svg xmlns=\"https:\/\/www.w3.org\/2000\/svg\" viewBox=\"0 0 1000 100\" preserveAspectRatio=\"none\"><path class=\"uagb-container__shape-fill\" d=\"M0,6V0h1000v100L0,6z\"><\/path><\/svg><\/div><div class=\"uagb-container-inner-blocks-wrap\">\n<div class=\"wp-block-uagb-advanced-heading uagb-block-81d18f4d\"><p class=\"uagb-desc-text\">Bienvenido<\/p><h1 class=\"uagb-heading-text\">Descubre Casa Ibarra, tu centro de eventos ideal<\/h1><\/div>\n<\/div><\/div>\n\n\n\n<div class=\"wp-block-uagb-container uagb-block-9dbb18d7 alignfull uagb-is-root-container\"><div class=\"uagb-container-inner-blocks-wrap\">\n<div class=\"wp-block-uagb-advanced-heading uagb-block-1fd5f659\"><p class=\"uagb-desc-text\">Acerca de<\/p><h2 class=\"uagb-heading-text\">Casa Ibarra: Experiencias \u00fanicas en cada celebraci\u00f3n<\/h2><\/div>\n\n\n\n<div class=\"wp-block-uagb-container uagb-layout-grid uagb-block-84e20ad5\">\n<div class=\"wp-block-uagb-image alignleft uagb-block-52eed376 wp-block-uagb-image--layout-default wp-block-uagb-image--effect-static wp-block-uagb-image--align-left\"><figure class=\"wp-block-uagb-image__figure\"><img decoding=\"async\" srcset=\"https:\/\/casaibarra.cl\/wp-content\/uploads\/2025\/03\/captura-de-pantalla-2025-03-13-a-las-44444-pm.png ,https:\/\/casaibarra.cl\/wp-content\/uploads\/2025\/03\/captura-de-pantalla-2025-03-13-a-las-44444-pm.png 780w, https:\/\/casaibarra.cl\/wp-content\/uploads\/2025\/03\/captura-de-pantalla-2025-03-13-a-las-44444-pm.png 360w\" sizes=\"auto, (max-width: 480px) 150px\" src=\"https:\/\/casaibarra.cl\/wp-content\/uploads\/2025\/03\/captura-de-pantalla-2025-03-13-a-las-44444-pm.png\" alt=\"\" class=\"uag-image-367\" width=\"500\" height=\"450\" title=\"who-we-are\" loading=\"lazy\" role=\"img\"\/><\/figure><\/div>\n\n\n\n<div class=\"wp-block-uagb-info-box uagb-block-de5ccef8 uagb-infobox__content-wrap  uagb-infobox-icon-above-title uagb-infobox-image-valign-top wp-block-uagb-info-box--has-margin\"><div class=\"uagb-infobox-margin-wrapper\"><div class=\"uagb-ifb-content\"><div class=\"uagb-ifb-title-wrap\"><h3 class=\"uagb-ifb-title-prefix\">Desde bodas hasta eventos corporativos, hemos creado recuerdos memorables para nuestros clientes, superando sus expectativas en cada detalle.<\/h3><p class=\"uagb-ifb-title\">En Casa Ibarra, nos enorgullece haber organizado cientos de eventos inolvidables, donde cada cliente ha manifestado su satisfacci\u00f3n total. Nuestro compromiso con la calidad y la personalizaci\u00f3n ha permitido lograr celebraciones exitosas, adapt\u00e1ndonos a los sue\u00f1os y necesidades de cada uno. Creamos un ambiente elegante y exquisito, garantizando que cada ocasi\u00f3n se convierta en un recuerdo imborrable, deleitando a todos los asistentes con nuestra atenci\u00f3n al detalle y servicio de catering excepcional.<\/p><\/div><p class=\"uagb-ifb-desc\">Gracias a nuestra dedicaci\u00f3n, hemos tenido una tasa alta de satisfacci\u00f3n entre nuestros clientes, consolid\u00e1ndonos como l\u00edderes en el sector.<\/p><\/div><\/div><\/div>\n<\/div>\n<\/div><\/div>\n\n\n\n<div class=\"wp-block-uagb-container uagb-layout-grid uagb-block-80731fa3 alignfull uagb-is-root-container\"><div class=\"uagb-container__shape uagb-container__shape-top uagb-container__shape-flip\"><svg xmlns=\"https:\/\/www.w3.org\/2000\/svg\" viewBox=\"0 0 1000 100\" preserveAspectRatio=\"none\"><path class=\"uagb-container__shape-fill\" d=\"M0,6V0h1000v100L0,6z\"><\/path><\/svg><\/div><div class=\"uagb-container__shape uagb-container__shape-bottom uagb-container__shape-flip uagb-container__invert\" data-negative=\"false\"><svg xmlns=\"https:\/\/www.w3.org\/2000\/svg\" viewBox=\"0 0 1000 100\" preserveAspectRatio=\"none\"><path class=\"uagb-container__shape-fill\" d=\"M0,6V0h1000v100L0,6z\"><\/path><\/svg><\/div><div class=\"uagb-container-inner-blocks-wrap\">\n<div class=\"wp-block-uagb-info-box uagb-block-4184a682 uagb-infobox__content-wrap  uagb-infobox-icon-above-title uagb-infobox-image-valign-top wp-block-uagb-info-box--has-margin\"><div class=\"uagb-infobox-margin-wrapper\"><div class=\"uagb-ifb-content\"><div class=\"uagb-ifb-title-wrap\"><span class=\"uagb-ifb-title-prefix\">Nuestra historia<\/span><h2 class=\"uagb-ifb-title\">La trayectoria de Casa Ibarra en Talagante<\/h2><\/div><p class=\"uagb-ifb-desc\">Casa Ibarra fue fundado con la visi\u00f3n de convertirse en el centro de eventos m\u00e1s destacado de Talagante. Desde su apertura, hemos estado comprometidos a ofrecer espacios elegantes y un servicio excepcional. A lo largo de los a\u00f1os, hemos organizado diversas celebraciones, cada una \u00fanicos y memorables, adapt\u00e1ndonos a las tendencias y necesidades de nuestros clientes para proporcionar experiencias inolvidables en cada ocasi\u00f3n especial.<\/p><\/div><\/div><\/div>\n\n\n\n<div class=\"wp-block-uagb-image alignright uagb-block-eb3eeb07 wp-block-uagb-image--layout-default wp-block-uagb-image--effect-static wp-block-uagb-image--align-right\"><figure class=\"wp-block-uagb-image__figure\"><img decoding=\"async\" srcset=\"https:\/\/casaibarra.cl\/wp-content\/uploads\/2025\/03\/captura-de-pantalla-2025-03-13-a-las-44627-pm.png ,https:\/\/casaibarra.cl\/wp-content\/uploads\/2025\/03\/captura-de-pantalla-2025-03-13-a-las-44627-pm.png 780w, https:\/\/casaibarra.cl\/wp-content\/uploads\/2025\/03\/captura-de-pantalla-2025-03-13-a-las-44627-pm.png 360w\" sizes=\"auto, (max-width: 480px) 150px\" src=\"https:\/\/casaibarra.cl\/wp-content\/uploads\/2025\/03\/captura-de-pantalla-2025-03-13-a-las-44627-pm.png\" alt=\"\" class=\"uag-image-364\" width=\"500\" height=\"450\" title=\"our-story\" loading=\"lazy\" role=\"img\"\/><\/figure><\/div>\n<\/div><\/div>\n\n\n\n<div class=\"wp-block-uagb-container uagb-block-f7d88070 alignfull uagb-is-root-container\"><div class=\"uagb-container-inner-blocks-wrap\">\n<div class=\"wp-block-uagb-advanced-heading uagb-block-87470b0a\"><p class=\"uagb-desc-text\">Nuestra misi\u00f3n y valores<\/p><h2 class=\"uagb-heading-text\">Compromiso con la excelencia y la personalizaci\u00f3n<\/h2><\/div>\n\n\n\n<div class=\"wp-block-uagb-container uagb-block-6215ea89\">\n<div class=\"wp-block-uagb-advanced-heading uagb-block-809e447c\"><h3 class=\"uagb-heading-text\">Nuestra misi\u00f3n<\/h3><p class=\"uagb-desc-text\">En Casa Ibarra, nos dedicamos a crear experiencias memorables para cada uno de nuestros clientes, brindando un servicio de alta calidad, atenci\u00f3n meticulosa a los detalles y una propuesta gastron\u00f3mica excepcional, todo en un entorno acogedor y elegante, asegurando que cada evento supere las expectativas de nuestros clientes.<\/p><\/div>\n\n\n\n<div class=\"wp-block-uagb-separator uagb-block-7f2a0cab\"><div class=\"wp-block-uagb-separator__inner\" style=\"--my-background-image:\"><\/div><\/div>\n\n\n\n<div class=\"wp-block-uagb-advanced-heading uagb-block-0cc4a98e\"><h3 class=\"uagb-heading-text\">Nuestros valores<\/h3><p class=\"uagb-desc-text\">Valoramos la creatividad, la dedicaci\u00f3n y el profesionalismo en cada uno de nuestros eventos. Nos comprometemos a escuchar las necesidades de nuestros clientes, ofreciendo un servicio personalizado y un enfoque adaptativo, asegurando que cada celebraci\u00f3n sea \u00fanica y refleje la esencia de quienes la celebran.<\/p><\/div>\n<\/div>\n<\/div><\/div>\n\n\n\n<div class=\"wp-block-uagb-container uagb-block-df8ee77f alignfull uagb-is-root-container\"><div class=\"uagb-container__shape uagb-container__shape-top uagb-container__shape-flip\"><svg xmlns=\"https:\/\/www.w3.org\/2000\/svg\" viewBox=\"0 0 1000 100\" preserveAspectRatio=\"none\"><path class=\"uagb-container__shape-fill\" d=\"M0,6V0h1000v100L0,6z\"><\/path><\/svg><\/div><div class=\"uagb-container-inner-blocks-wrap\">\n<div class=\"wp-block-uagb-advanced-heading uagb-block-da70d213\"><p class=\"uagb-desc-text\">Nuestro equipo<\/p><h2 class=\"uagb-heading-text\">Equipo profesional y apasionado<\/h2><\/div>\n\n\n\n<div class=\"wp-block-uagb-container uagb-block-d0e3ffef\">\n<div class=\"wp-block-uagb-container uagb-block-66fe1c83\">\n<div class=\"wp-block-uagb-info-box uagb-block-9fa154fb uagb-infobox__content-wrap  uagb-infobox-icon-above-title uagb-infobox-image-valign-top\"><div class=\"uagb-ifb-content\"><div class=\"uagb-ifb-image-content\"><img decoding=\"async\" src=\"https:\/\/casaibarra.cl\/wp-content\/uploads\/2024\/05\/team-skip-01-150x150.jpg\" alt=\"\" width=\"150\" height=\"150\" loading=\"lazy\"\/><\/div><div class=\"uagb-ifb-title-wrap\"><p class=\"uagb-ifb-title\">Wade Warren<\/p><\/div><p class=\"uagb-ifb-desc\">Propietario<\/p><\/div><\/div>\n<\/div>\n\n\n\n<div class=\"wp-block-uagb-container uagb-block-a31af704\">\n<div class=\"wp-block-uagb-info-box uagb-block-2b47405f uagb-infobox__content-wrap  uagb-infobox-icon-above-title uagb-infobox-image-valign-top\"><div class=\"uagb-ifb-content\"><div class=\"uagb-ifb-image-content\"><img decoding=\"async\" src=\"https:\/\/casaibarra.cl\/wp-content\/uploads\/2024\/05\/team-skip-02-150x150.jpg\" alt=\"\" width=\"150\" height=\"150\" loading=\"lazy\"\/><\/div><div class=\"uagb-ifb-title-wrap\"><p class=\"uagb-ifb-title\">Cameron Williamson<\/p><\/div><p class=\"uagb-ifb-desc\">Co-Fundador<\/p><\/div><\/div>\n<\/div>\n\n\n\n<div class=\"wp-block-uagb-container uagb-block-5755988a\">\n<div class=\"wp-block-uagb-info-box uagb-block-8a861bdd uagb-infobox__content-wrap  uagb-infobox-icon-above-title uagb-infobox-image-valign-top\"><div class=\"uagb-ifb-content\"><div class=\"uagb-ifb-image-content\"><img decoding=\"async\" src=\"https:\/\/casaibarra.cl\/wp-content\/uploads\/2024\/05\/team-skip-03-1-150x150.jpg\" alt=\"\" width=\"150\" height=\"150\" loading=\"lazy\"\/><\/div><div class=\"uagb-ifb-title-wrap\"><p class=\"uagb-ifb-title\">Brooklyn Simmons<\/p><\/div><p class=\"uagb-ifb-desc\">Gerente de Marketing<\/p><\/div><\/div>\n<\/div>\n<\/div>\n<\/div><\/div>\n\n\n\n<div class=\"wp-block-uagb-container uagb-block-6f82293b alignfull uagb-is-root-container\"><div class=\"uagb-container__shape uagb-container__shape-top uagb-container__shape-flip\"><svg xmlns=\"https:\/\/www.w3.org\/2000\/svg\" viewBox=\"0 0 1000 100\" preserveAspectRatio=\"none\"><path class=\"uagb-container__shape-fill\" d=\"M0,6V0h1000v100L0,6z\"><\/path><\/svg><\/div><div class=\"uagb-container-inner-blocks-wrap\">\n<div class=\"wp-block-uagb-info-box uagb-block-2de13869 uagb-infobox__content-wrap  uagb-infobox-icon-above-title uagb-infobox-image-valign-top wp-block-uagb-info-box--has-margin\"><div class=\"uagb-infobox-margin-wrapper\"><div class=\"uagb-ifb-content\"><div class=\"uagb-ifb-title-wrap\"><span class=\"uagb-ifb-title-prefix\">Cont\u00e1ctanos hoy<\/span><h2 class=\"uagb-ifb-title\">Planifica tu evento perfecto con nosotros<\/h2><\/div><p class=\"uagb-ifb-desc\">Haz de tu celebraci\u00f3n una experiencia inolvidable. \u00a1Escr\u00edbenos para m\u00e1s informaci\u00f3n!<\/p><div class=\"uagb-ifb-button-wrapper wp-block-button\"><a href=\"\/contact\/\" class=\"uagb-infobox-cta-link wp-block-button__link\" target=\"_self\" rel=\"noopener noreferrer\" onclick=\"return true;\" alt=\"\"><span class=\"uagb-inline-editing\">Cont\u00e1ctanos Ahora<\/span><\/a><\/div><\/div><\/div><\/div>\n<\/div><\/div>\n","protected":false},"excerpt":{"rendered":"<p>Bienvenido Descubre Casa Ibarra, tu centro de eventos ideal Acerca de Casa Ibarra: Experiencias \u00fanicas en cada celebraci\u00f3n Nuestra misi\u00f3n [&hellip;]<\/p>\n","protected":false},"author":4,"featured_media":0,"parent":0,"menu_order":0,"comment_status":"closed","ping_status":"closed","template":"","meta":{"_uag_custom_page_level_css":"","site-sidebar-layout":"default","site-content-layout":"","ast-site-content-layout":"default","site-content-style":"default","site-sidebar-style":"default","ast-global-header-display":"","ast-banner-title-visibility":"","ast-main-header-display":"","ast-hfb-above-header-display":"","ast-hfb-below-header-display":"","ast-hfb-mobile-header-display":"","site-post-title":"disabled","ast-breadcrumbs-content":"","ast-featured-img":"","footer-sml-layout":"","ast-disable-related-posts":"","theme-transparent-header-meta":"","adv-header-id-meta":"","stick-header-meta":"","header-above-stick-meta":"","header-main-stick-meta":"","header-below-stick-meta":"","astra-migrate-meta-layouts":"default","ast-page-background-enabled":"default","ast-page-background-meta":{"desktop":{"background-color":"var(--ast-global-color-4)","background-image":"","background-repeat":"repeat","background-position":"center center","background-size":"auto","background-attachment":"scroll","background-type":"","background-media":"","overlay-type":"","overlay-color":"","overlay-opacity":"","overlay-gradient":""},"tablet":{"background-color":"","background-image":"","background-repeat":"repeat","background-position":"center center","background-size":"auto","background-attachment":"scroll","background-type":"","background-media":"","overlay-type":"","overlay-color":"","overlay-opacity":"","overlay-gradient":""},"mobile":{"background-color":"","background-image":"","background-repeat":"repeat","background-position":"center center","background-size":"auto","background-attachment":"scroll","background-type":"","background-media":"","overlay-type":"","overlay-color":"","overlay-opacity":"","overlay-gradient":""}},"ast-content-background-meta":{"desktop":{"background-color":"var(--ast-global-color-5)","background-image":"","background-repeat":"repeat","background-position":"center center","background-size":"auto","background-attachment":"scroll","background-type":"","background-media":"","overlay-type":"","overlay-color":"","overlay-opacity":"","overlay-gradient":""},"tablet":{"background-color":"var(--ast-global-color-5)","background-image":"","background-repeat":"repeat","background-position":"center center","background-size":"auto","background-attachment":"scroll","background-type":"","background-media":"","overlay-type":"","overlay-color":"","overlay-opacity":"","overlay-gradient":""},"mobile":{"background-color":"var(--ast-global-color-5)","background-image":"","background-repeat":"repeat","background-position":"center center","background-size":"auto","background-attachment":"scroll","background-type":"","background-media":"","overlay-type":"","overlay-color":"","overlay-opacity":"","overlay-gradient":""}},"footnotes":""},"class_list":["post-52","page","type-page","status-publish","hentry"],"uagb_featured_image_src":{"full":false,"thumbnail":false,"medium":false,"medium_large":false,"large":false,"1536x1536":false,"2048x2048":false},"uagb_author_info":{"display_name":"mkcl7k4nxn6d","author_link":"https:\/\/casaibarra.cl\/?author=4"},"uagb_comment_info":0,"uagb_excerpt":"Bienvenido Descubre Casa Ibarra, tu centro de eventos ideal Acerca de Casa Ibarra: Experiencias \u00fanicas en cada celebraci\u00f3n Nuestra misi\u00f3n [&hellip;]","_links":{"self":[{"href":"https:\/\/casaibarra.cl\/index.php?rest_route=\/wp\/v2\/pages\/52","targetHints":{"allow":["GET"]}}],"collection":[{"href":"https:\/\/casaibarra.cl\/index.php?rest_route=\/wp\/v2\/pages"}],"about":[{"href":"https:\/\/casaibarra.cl\/index.php?rest_route=\/wp\/v2\/types\/page"}],"author":[{"embeddable":true,"href":"https:\/\/casaibarra.cl\/index.php?rest_route=\/wp\/v2\/users\/4"}],"replies":[{"embeddable":true,"href":"https:\/\/casaibarra.cl\/index.php?rest_route=%2Fwp%2Fv2%2Fcomments&post=52"}],"version-history":[{"count":2,"href":"https:\/\/casaibarra.cl\/index.php?rest_route=\/wp\/v2\/pages\/52\/revisions"}],"predecessor-version":[{"id":383,"href":"https:\/\/casaibarra.cl\/index.php?rest_route=\/wp\/v2\/pages\/52\/revisions\/383"}],"wp:attachment":[{"href":"https:\/\/casaibarra.cl\/index.php?rest_route=%2Fwp%2Fv2%2Fmedia&parent=52"}],"curies":[{"name":"wp","href":"https:\/\/api.w.org\/{rel}","templated":true}]}}