{"id":53,"date":"2025-03-13T20:11:15","date_gmt":"2025-03-13T20:11:15","guid":{"rendered":"https:\/\/casaibarra.cl\/?page_id=53"},"modified":"2025-03-13T20:11:15","modified_gmt":"2025-03-13T20:11:15","slug":"services","status":"publish","type":"page","link":"https:\/\/casaibarra.cl\/?page_id=53","title":{"rendered":"Services"},"content":{"rendered":"\n<div class=\"wp-block-uagb-container uagb-block-a6be1363 alignfull uagb-is-root-container\"><div class=\"uagb-container__shape uagb-container__shape-bottom uagb-container__shape-flip uagb-container__invert\" data-negative=\"false\"><svg xmlns=\"https:\/\/www.w3.org\/2000\/svg\" viewBox=\"0 0 1000 100\" preserveAspectRatio=\"none\"><path class=\"uagb-container__shape-fill\" d=\"M0,6V0h1000v100L0,6z\"><\/path><\/svg><\/div><div class=\"uagb-container-inner-blocks-wrap\">\n<div class=\"wp-block-uagb-advanced-heading uagb-block-81d18f4d\"><p class=\"uagb-desc-text\">Servicios<\/p><h1 class=\"uagb-heading-text\">Experiencias inolvidables para cada ocasi\u00f3n<\/h1><\/div>\n<\/div><\/div>\n\n\n\n<div class=\"wp-block-uagb-container uagb-block-5e795505 alignfull uagb-is-root-container\"><div class=\"uagb-container-inner-blocks-wrap\">\n<div class=\"wp-block-uagb-container uagb-layout-flex uagb-block-072f422e\">\n<div class=\"wp-block-uagb-container uagb-layout-grid uagb-block-207e88ff\">\n<div class=\"wp-block-uagb-advanced-heading uagb-block-f273d26c\"><h2 class=\"uagb-heading-text\">01.<\/h2><\/div>\n\n\n\n<div class=\"wp-block-uagb-advanced-heading uagb-block-d4c852b6\"><h3 class=\"uagb-heading-text\">Eventos personalizados<\/h3><p class=\"uagb-desc-text\">En Casa Ibarra, dise\u00f1amos cada evento de manera \u00fanica, cuidando cada detalle para que tu celebraci\u00f3n sea exactamente como la imaginaste, con un enfoque especial en tus deseos y requerimientos.<\/p><\/div>\n<\/div>\n\n\n\n<div class=\"wp-block-uagb-image alignleft uagb-block-0a5f8551 wp-block-uagb-image--layout-default wp-block-uagb-image--effect-static wp-block-uagb-image--align-left\"><figure class=\"wp-block-uagb-image__figure\"><img decoding=\"async\" srcset=\"https:\/\/casaibarra.cl\/wp-content\/uploads\/2025\/03\/captura-de-pantalla-2025-03-13-a-las-44404-pm.png ,https:\/\/casaibarra.cl\/wp-content\/uploads\/2025\/03\/captura-de-pantalla-2025-03-13-a-las-44404-pm.png 780w, https:\/\/casaibarra.cl\/wp-content\/uploads\/2025\/03\/captura-de-pantalla-2025-03-13-a-las-44404-pm.png 360w\" sizes=\"auto, (max-width: 480px) 150px\" src=\"https:\/\/casaibarra.cl\/wp-content\/uploads\/2025\/03\/captura-de-pantalla-2025-03-13-a-las-44404-pm.png\" alt=\"\" class=\"uag-image-362\" width=\"500\" height=\"400\" title=\"services-01\" loading=\"lazy\" role=\"img\"\/><\/figure><\/div>\n<\/div>\n\n\n\n<div class=\"wp-block-uagb-container uagb-layout-flex uagb-block-f38d5948\">\n<div class=\"wp-block-uagb-container uagb-layout-grid uagb-block-adcfbba8\">\n<div class=\"wp-block-uagb-advanced-heading uagb-block-b3c9acda\"><h2 class=\"uagb-heading-text\">02.<\/h2><\/div>\n\n\n\n<div class=\"wp-block-uagb-advanced-heading uagb-block-45689c19\"><h3 class=\"uagb-heading-text\">Catering exquisito<\/h3><p class=\"uagb-desc-text\">Nuestro catering destaca por su calidad y diversidad, con men\u00fas personalizados que garantizan una experiencia culinaria memorable, acompa\u00f1ando cada evento con sabores \u00fanicos y presentaci\u00f3n impecable.<\/p><\/div>\n<\/div>\n\n\n\n<div class=\"wp-block-uagb-image alignleft uagb-block-c01a27df wp-block-uagb-image--layout-default wp-block-uagb-image--effect-static wp-block-uagb-image--align-left\"><figure class=\"wp-block-uagb-image__figure\"><img decoding=\"async\" srcset=\"https:\/\/casaibarra.cl\/wp-content\/uploads\/2025\/03\/captura-de-pantalla-2025-03-13-a-las-44430-pm.png ,https:\/\/casaibarra.cl\/wp-content\/uploads\/2025\/03\/captura-de-pantalla-2025-03-13-a-las-44430-pm.png 780w, https:\/\/casaibarra.cl\/wp-content\/uploads\/2025\/03\/captura-de-pantalla-2025-03-13-a-las-44430-pm.png 360w\" sizes=\"auto, (max-width: 480px) 150px\" src=\"https:\/\/casaibarra.cl\/wp-content\/uploads\/2025\/03\/captura-de-pantalla-2025-03-13-a-las-44430-pm.png\" alt=\"\" class=\"uag-image-369\" width=\"500\" height=\"400\" title=\"services-02\" loading=\"lazy\" role=\"img\"\/><\/figure><\/div>\n<\/div>\n\n\n\n<div class=\"wp-block-uagb-container uagb-layout-flex uagb-block-4ee57f3e\">\n<div class=\"wp-block-uagb-container uagb-layout-grid uagb-block-594a8eea\">\n<div class=\"wp-block-uagb-advanced-heading uagb-block-5d6c5941\"><h2 class=\"uagb-heading-text\">03.<\/h2><\/div>\n\n\n\n<div class=\"wp-block-uagb-advanced-heading uagb-block-8d75b0c9\"><h3 class=\"uagb-heading-text\">Producci\u00f3n profesional<\/h3><p class=\"uagb-desc-text\">Con un equipo experimentado, coordinamos todos los aspectos del evento, asegurando que cada elemento, desde la decoraci\u00f3n hasta la log\u00edstica, funcione sin problemas para una celebraci\u00f3n exitosa.<\/p><\/div>\n<\/div>\n\n\n\n<div class=\"wp-block-uagb-image alignleft uagb-block-72d592a2 wp-block-uagb-image--layout-default wp-block-uagb-image--effect-static wp-block-uagb-image--align-left\"><figure class=\"wp-block-uagb-image__figure\"><img decoding=\"async\" srcset=\"https:\/\/casaibarra.cl\/wp-content\/uploads\/2025\/03\/captura-de-pantalla-2025-03-13-a-las-44545-pm.png ,https:\/\/casaibarra.cl\/wp-content\/uploads\/2025\/03\/captura-de-pantalla-2025-03-13-a-las-44545-pm.png 780w, https:\/\/casaibarra.cl\/wp-content\/uploads\/2025\/03\/captura-de-pantalla-2025-03-13-a-las-44545-pm.png 360w\" sizes=\"auto, (max-width: 480px) 150px\" src=\"https:\/\/casaibarra.cl\/wp-content\/uploads\/2025\/03\/captura-de-pantalla-2025-03-13-a-las-44545-pm.png\" alt=\"\" class=\"uag-image-368\" width=\"500\" height=\"400\" title=\"services-03\" loading=\"lazy\" role=\"img\"\/><\/figure><\/div>\n<\/div>\n\n\n\n<div class=\"wp-block-uagb-container uagb-layout-flex uagb-block-5b6aae16\">\n<div class=\"wp-block-uagb-container uagb-layout-grid uagb-block-7fd03271\">\n<div class=\"wp-block-uagb-advanced-heading uagb-block-c28dc3f2\"><h2 class=\"uagb-heading-text\">04.<\/h2><\/div>\n\n\n\n<div class=\"wp-block-uagb-advanced-heading uagb-block-584a0e4a\"><h3 class=\"uagb-heading-text\">Espacios vers\u00e1tiles<\/h3><p class=\"uagb-desc-text\">Nuestros espacios son elegantes y adaptables, perfectos para todo tipo de eventos, brindando un ambiente excepcional que realza cualquier celebraci\u00f3n y crea recuerdos inolvidables.<\/p><\/div>\n<\/div>\n\n\n\n<div class=\"wp-block-uagb-image alignleft uagb-block-b67cef6d wp-block-uagb-image--layout-default wp-block-uagb-image--effect-static wp-block-uagb-image--align-left\"><figure class=\"wp-block-uagb-image__figure\"><img decoding=\"async\" srcset=\"https:\/\/casaibarra.cl\/wp-content\/uploads\/2025\/03\/captura-de-pantalla-2025-03-13-a-las-44455-pm.png ,https:\/\/casaibarra.cl\/wp-content\/uploads\/2025\/03\/captura-de-pantalla-2025-03-13-a-las-44455-pm.png 780w, https:\/\/casaibarra.cl\/wp-content\/uploads\/2025\/03\/captura-de-pantalla-2025-03-13-a-las-44455-pm.png 360w\" sizes=\"auto, (max-width: 480px) 150px\" src=\"https:\/\/casaibarra.cl\/wp-content\/uploads\/2025\/03\/captura-de-pantalla-2025-03-13-a-las-44455-pm.png\" alt=\"\" class=\"uag-image-361\" width=\"500\" height=\"400\" title=\"services-04\" loading=\"lazy\" role=\"img\"\/><\/figure><\/div>\n<\/div>\n<\/div><\/div>\n\n\n\n<div class=\"wp-block-uagb-container uagb-block-6f82293b alignfull uagb-is-root-container\"><div class=\"uagb-container__shape uagb-container__shape-top uagb-container__shape-flip\"><svg xmlns=\"https:\/\/www.w3.org\/2000\/svg\" viewBox=\"0 0 1000 100\" preserveAspectRatio=\"none\"><path class=\"uagb-container__shape-fill\" d=\"M0,6V0h1000v100L0,6z\"><\/path><\/svg><\/div><div class=\"uagb-container-inner-blocks-wrap\">\n<div class=\"wp-block-uagb-info-box uagb-block-2de13869 uagb-infobox__content-wrap  uagb-infobox-icon-above-title uagb-infobox-image-valign-top wp-block-uagb-info-box--has-margin\"><div class=\"uagb-infobox-margin-wrapper\"><div class=\"uagb-ifb-content\"><div class=\"uagb-ifb-title-wrap\"><span class=\"uagb-ifb-title-prefix\">Cont\u00e1ctanos hoy<\/span><h2 class=\"uagb-ifb-title\">Planifica tu evento perfecto con nosotros<\/h2><\/div><p class=\"uagb-ifb-desc\">Haz de tu celebraci\u00f3n una experiencia inolvidable. \u00a1Escr\u00edbenos para m\u00e1s informaci\u00f3n!<\/p><div class=\"uagb-ifb-button-wrapper wp-block-button\"><a href=\"\/contact\/\" class=\"uagb-infobox-cta-link wp-block-button__link\" target=\"_self\" rel=\"noopener noreferrer\" onclick=\"return true;\" alt=\"\"><span class=\"uagb-inline-editing\">Cont\u00e1ctanos Ahora<\/span><\/a><\/div><\/div><\/div><\/div>\n<\/div><\/div>\n","protected":false},"excerpt":{"rendered":"<p>Servicios Experiencias inolvidables para cada ocasi\u00f3n 01. Eventos personalizados En Casa Ibarra, dise\u00f1amos cada evento de manera \u00fanica, cuidando cada [&hellip;]<\/p>\n","protected":false},"author":4,"featured_media":0,"parent":0,"menu_order":0,"comment_status":"closed","ping_status":"closed","template":"","meta":{"_uag_custom_page_level_css":"","site-sidebar-layout":"default","site-content-layout":"","ast-site-content-layout":"default","site-content-style":"default","site-sidebar-style":"default","ast-global-header-display":"","ast-banner-title-visibility":"","ast-main-header-display":"","ast-hfb-above-header-display":"","ast-hfb-below-header-display":"","ast-hfb-mobile-header-display":"","site-post-title":"disabled","ast-breadcrumbs-content":"","ast-featured-img":"","footer-sml-layout":"","ast-disable-related-posts":"","theme-transparent-header-meta":"","adv-header-id-meta":"","stick-header-meta":"","header-above-stick-meta":"","header-main-stick-meta":"","header-below-stick-meta":"","astra-migrate-meta-layouts":"default","ast-page-background-enabled":"default","ast-page-background-meta":{"desktop":{"background-color":"var(--ast-global-color-4)","background-image":"","background-repeat":"repeat","background-position":"center center","background-size":"auto","background-attachment":"scroll","background-type":"","background-media":"","overlay-type":"","overlay-color":"","overlay-opacity":"","overlay-gradient":""},"tablet":{"background-color":"","background-image":"","background-repeat":"repeat","background-position":"center center","background-size":"auto","background-attachment":"scroll","background-type":"","background-media":"","overlay-type":"","overlay-color":"","overlay-opacity":"","overlay-gradient":""},"mobile":{"background-color":"","background-image":"","background-repeat":"repeat","background-position":"center center","background-size":"auto","background-attachment":"scroll","background-type":"","background-media":"","overlay-type":"","overlay-color":"","overlay-opacity":"","overlay-gradient":""}},"ast-content-background-meta":{"desktop":{"background-color":"var(--ast-global-color-5)","background-image":"","background-repeat":"repeat","background-position":"center center","background-size":"auto","background-attachment":"scroll","background-type":"","background-media":"","overlay-type":"","overlay-color":"","overlay-opacity":"","overlay-gradient":""},"tablet":{"background-color":"var(--ast-global-color-5)","background-image":"","background-repeat":"repeat","background-position":"center center","background-size":"auto","background-attachment":"scroll","background-type":"","background-media":"","overlay-type":"","overlay-color":"","overlay-opacity":"","overlay-gradient":""},"mobile":{"background-color":"var(--ast-global-color-5)","background-image":"","background-repeat":"repeat","background-position":"center center","background-size":"auto","background-attachment":"scroll","background-type":"","background-media":"","overlay-type":"","overlay-color":"","overlay-opacity":"","overlay-gradient":""}},"footnotes":""},"class_list":["post-53","page","type-page","status-publish","hentry"],"uagb_featured_image_src":{"full":false,"thumbnail":false,"medium":false,"medium_large":false,"large":false,"1536x1536":false,"2048x2048":false},"uagb_author_info":{"display_name":"mkcl7k4nxn6d","author_link":"https:\/\/casaibarra.cl\/?author=4"},"uagb_comment_info":0,"uagb_excerpt":"Servicios Experiencias inolvidables para cada ocasi\u00f3n 01. Eventos personalizados En Casa Ibarra, dise\u00f1amos cada evento de manera \u00fanica, cuidando cada [&hellip;]","_links":{"self":[{"href":"https:\/\/casaibarra.cl\/index.php?rest_route=\/wp\/v2\/pages\/53","targetHints":{"allow":["GET"]}}],"collection":[{"href":"https:\/\/casaibarra.cl\/index.php?rest_route=\/wp\/v2\/pages"}],"about":[{"href":"https:\/\/casaibarra.cl\/index.php?rest_route=\/wp\/v2\/types\/page"}],"author":[{"embeddable":true,"href":"https:\/\/casaibarra.cl\/index.php?rest_route=\/wp\/v2\/users\/4"}],"replies":[{"embeddable":true,"href":"https:\/\/casaibarra.cl\/index.php?rest_route=%2Fwp%2Fv2%2Fcomments&post=53"}],"version-history":[{"count":1,"href":"https:\/\/casaibarra.cl\/index.php?rest_route=\/wp\/v2\/pages\/53\/revisions"}],"predecessor-version":[{"id":376,"href":"https:\/\/casaibarra.cl\/index.php?rest_route=\/wp\/v2\/pages\/53\/revisions\/376"}],"wp:attachment":[{"href":"https:\/\/casaibarra.cl\/index.php?rest_route=%2Fwp%2Fv2%2Fmedia&parent=53"}],"curies":[{"name":"wp","href":"https:\/\/api.w.org\/{rel}","templated":true}]}}